{"id":708,"date":"2020-04-29T12:00:00","date_gmt":"2020-04-29T10:00:00","guid":{"rendered":"https:\/\/www.bcfintl.com\/bcf\/"},"modified":"2025-10-10T16:49:07","modified_gmt":"2025-10-10T14:49:07","slug":"bcf","status":"publish","type":"page","link":"https:\/\/www.bcfintl.com\/af-za\/","title":{"rendered":"BCF"},"content":{"rendered":"","protected":false},"excerpt":{"rendered":"","protected":false},"author":1,"featured_media":673,"parent":0,"menu_order":0,"comment_status":"closed","ping_status":"closed","template":"","meta":{"inline_featured_image":false,"footnotes":""},"class_list":["post-708","page","type-page","status-publish","has-post-thumbnail","hentry"],"yoast_head":"<!-- This site is optimized with the Yoast SEO plugin v26.3 - https:\/\/yoast.com\/wordpress\/plugins\/seo\/ -->\n<title>BCF | BCF International<\/title>\n<meta name=\"description\" content=\"Met kantore in Suider-Afrika en \u2019n netwerk van w\u00eareldwye agente lewer BCF naatlose logistieke oplossings wat aan kli\u00ebnte se behoeftes regoor die w\u00eareld voldoen.\" \/>\n<meta name=\"robots\" content=\"index, follow, max-snippet:-1, max-image-preview:large, max-video-preview:-1\" \/>\n<link rel=\"canonical\" href=\"https:\/\/www.bcfintl.com\/af-za\/\" \/>\n<meta property=\"og:locale\" content=\"af_ZA\" \/>\n<meta property=\"og:type\" content=\"article\" \/>\n<meta property=\"og:title\" content=\"BCF | BCF International\" \/>\n<meta property=\"og:description\" content=\"Met kantore in Suider-Afrika en \u2019n netwerk van w\u00eareldwye agente lewer BCF naatlose logistieke oplossings wat aan kli\u00ebnte se behoeftes regoor die w\u00eareld voldoen.\" \/>\n<meta property=\"og:url\" content=\"https:\/\/www.bcfintl.com\/af-za\/\" \/>\n<meta property=\"og:site_name\" content=\"BCF International\" \/>\n<meta property=\"article:modified_time\" content=\"2025-10-10T14:49:07+00:00\" \/>\n<meta property=\"og:image\" content=\"https:\/\/www.bcfintl.com\/wp-content\/uploads\/2020\/05\/BCF_FI.jpg\" \/>\n\t<meta property=\"og:image:width\" content=\"1200\" \/>\n\t<meta property=\"og:image:height\" content=\"628\" \/>\n\t<meta property=\"og:image:type\" content=\"image\/jpeg\" \/>\n<meta name=\"twitter:card\" content=\"summary_large_image\" \/>\n<script type=\"application\/ld+json\" class=\"yoast-schema-graph\">{\"@context\":\"https:\/\/schema.org\",\"@graph\":[{\"@type\":\"WebPage\",\"@id\":\"https:\/\/www.bcfintl.com\/af-za\/\",\"url\":\"https:\/\/www.bcfintl.com\/af-za\/\",\"name\":\"BCF | BCF International\",\"isPartOf\":{\"@id\":\"https:\/\/www.bcfintl.com\/af-za\/#website\"},\"primaryImageOfPage\":{\"@id\":\"https:\/\/www.bcfintl.com\/af-za\/#primaryimage\"},\"image\":{\"@id\":\"https:\/\/www.bcfintl.com\/af-za\/#primaryimage\"},\"thumbnailUrl\":\"https:\/\/www.bcfintl.com\/wp-content\/uploads\/2020\/05\/BCF_FI.jpg\",\"datePublished\":\"2020-04-29T10:00:00+00:00\",\"dateModified\":\"2025-10-10T14:49:07+00:00\",\"description\":\"Met kantore in Suider-Afrika en \u2019n netwerk van w\u00eareldwye agente lewer BCF naatlose logistieke oplossings wat aan kli\u00ebnte se behoeftes regoor die w\u00eareld voldoen.\",\"breadcrumb\":{\"@id\":\"https:\/\/www.bcfintl.com\/af-za\/#breadcrumb\"},\"inLanguage\":\"af-ZA\",\"potentialAction\":[{\"@type\":\"ReadAction\",\"target\":[\"https:\/\/www.bcfintl.com\/af-za\/\"]}]},{\"@type\":\"ImageObject\",\"inLanguage\":\"af-ZA\",\"@id\":\"https:\/\/www.bcfintl.com\/af-za\/#primaryimage\",\"url\":\"https:\/\/www.bcfintl.com\/wp-content\/uploads\/2020\/05\/BCF_FI.jpg\",\"contentUrl\":\"https:\/\/www.bcfintl.com\/wp-content\/uploads\/2020\/05\/BCF_FI.jpg\",\"width\":1200,\"height\":628,\"caption\":\"BCF International is \u2019n onafhanklike doeane- en vragversendingsmaatskappy wat \u2019n volledige reeks vervoersopsies bied \u2013 per see, lug, pad en spoor.\"},{\"@type\":\"BreadcrumbList\",\"@id\":\"https:\/\/www.bcfintl.com\/af-za\/#breadcrumb\",\"itemListElement\":[{\"@type\":\"ListItem\",\"position\":1,\"name\":\"Tuis\",\"item\":\"https:\/\/www.bcfintl.com\/af-za\/\"},{\"@type\":\"ListItem\",\"position\":2,\"name\":\"BCF\"}]},{\"@type\":\"WebSite\",\"@id\":\"https:\/\/www.bcfintl.com\/af-za\/#website\",\"url\":\"https:\/\/www.bcfintl.com\/af-za\/\",\"name\":\"BCF International\",\"description\":\"Doeaneklaring | Versending | Voorsieningsketting\",\"publisher\":{\"@id\":\"https:\/\/www.bcfintl.com\/af-za\/#organization\"},\"alternateName\":\"BCF\",\"potentialAction\":[{\"@type\":\"SearchAction\",\"target\":{\"@type\":\"EntryPoint\",\"urlTemplate\":\"https:\/\/www.bcfintl.com\/af-za\/?s={search_term_string}\"},\"query-input\":{\"@type\":\"PropertyValueSpecification\",\"valueRequired\":true,\"valueName\":\"search_term_string\"}}],\"inLanguage\":\"af-ZA\"},{\"@type\":\"Organization\",\"@id\":\"https:\/\/www.bcfintl.com\/af-za\/#organization\",\"name\":\"BCF International (Edms) Bpk\",\"alternateName\":\"BCF International\",\"url\":\"https:\/\/www.bcfintl.com\/af-za\/\",\"logo\":{\"@type\":\"ImageObject\",\"inLanguage\":\"af-ZA\",\"@id\":\"https:\/\/www.bcfintl.com\/af-za\/#\/schema\/logo\/image\/\",\"url\":\"https:\/\/www.bcfintl.com\/wp-content\/uploads\/2025\/10\/BCF-International.svg\",\"contentUrl\":\"https:\/\/www.bcfintl.com\/wp-content\/uploads\/2025\/10\/BCF-International.svg\",\"caption\":\"BCF International (Edms) Bpk\"},\"image\":{\"@id\":\"https:\/\/www.bcfintl.com\/af-za\/#\/schema\/logo\/image\/\"},\"sameAs\":[\"https:\/\/www.linkedin.com\/company\/bcf-pty-ltd\"]}]}<\/script>\n<!-- \/ Yoast SEO plugin. -->","yoast_head_json":{"title":"BCF | BCF International","description":"Met kantore in Suider-Afrika en \u2019n netwerk van w\u00eareldwye agente lewer BCF naatlose logistieke oplossings wat aan kli\u00ebnte se behoeftes regoor die w\u00eareld voldoen.","robots":{"index":"index","follow":"follow","max-snippet":"max-snippet:-1","max-image-preview":"max-image-preview:large","max-video-preview":"max-video-preview:-1"},"canonical":"https:\/\/www.bcfintl.com\/af-za\/","og_locale":"af_ZA","og_type":"article","og_title":"BCF | BCF International","og_description":"Met kantore in Suider-Afrika en \u2019n netwerk van w\u00eareldwye agente lewer BCF naatlose logistieke oplossings wat aan kli\u00ebnte se behoeftes regoor die w\u00eareld voldoen.","og_url":"https:\/\/www.bcfintl.com\/af-za\/","og_site_name":"BCF International","article_modified_time":"2025-10-10T14:49:07+00:00","og_image":[{"width":1200,"height":628,"url":"https:\/\/www.bcfintl.com\/wp-content\/uploads\/2020\/05\/BCF_FI.jpg","type":"image\/jpeg"}],"twitter_card":"summary_large_image","schema":{"@context":"https:\/\/schema.org","@graph":[{"@type":"WebPage","@id":"https:\/\/www.bcfintl.com\/af-za\/","url":"https:\/\/www.bcfintl.com\/af-za\/","name":"BCF | BCF International","isPartOf":{"@id":"https:\/\/www.bcfintl.com\/af-za\/#website"},"primaryImageOfPage":{"@id":"https:\/\/www.bcfintl.com\/af-za\/#primaryimage"},"image":{"@id":"https:\/\/www.bcfintl.com\/af-za\/#primaryimage"},"thumbnailUrl":"https:\/\/www.bcfintl.com\/wp-content\/uploads\/2020\/05\/BCF_FI.jpg","datePublished":"2020-04-29T10:00:00+00:00","dateModified":"2025-10-10T14:49:07+00:00","description":"Met kantore in Suider-Afrika en \u2019n netwerk van w\u00eareldwye agente lewer BCF naatlose logistieke oplossings wat aan kli\u00ebnte se behoeftes regoor die w\u00eareld voldoen.","breadcrumb":{"@id":"https:\/\/www.bcfintl.com\/af-za\/#breadcrumb"},"inLanguage":"af-ZA","potentialAction":[{"@type":"ReadAction","target":["https:\/\/www.bcfintl.com\/af-za\/"]}]},{"@type":"ImageObject","inLanguage":"af-ZA","@id":"https:\/\/www.bcfintl.com\/af-za\/#primaryimage","url":"https:\/\/www.bcfintl.com\/wp-content\/uploads\/2020\/05\/BCF_FI.jpg","contentUrl":"https:\/\/www.bcfintl.com\/wp-content\/uploads\/2020\/05\/BCF_FI.jpg","width":1200,"height":628,"caption":"BCF International is \u2019n onafhanklike doeane- en vragversendingsmaatskappy wat \u2019n volledige reeks vervoersopsies bied \u2013 per see, lug, pad en spoor."},{"@type":"BreadcrumbList","@id":"https:\/\/www.bcfintl.com\/af-za\/#breadcrumb","itemListElement":[{"@type":"ListItem","position":1,"name":"Tuis","item":"https:\/\/www.bcfintl.com\/af-za\/"},{"@type":"ListItem","position":2,"name":"BCF"}]},{"@type":"WebSite","@id":"https:\/\/www.bcfintl.com\/af-za\/#website","url":"https:\/\/www.bcfintl.com\/af-za\/","name":"BCF International","description":"Doeaneklaring | Versending | Voorsieningsketting","publisher":{"@id":"https:\/\/www.bcfintl.com\/af-za\/#organization"},"alternateName":"BCF","potentialAction":[{"@type":"SearchAction","target":{"@type":"EntryPoint","urlTemplate":"https:\/\/www.bcfintl.com\/af-za\/?s={search_term_string}"},"query-input":{"@type":"PropertyValueSpecification","valueRequired":true,"valueName":"search_term_string"}}],"inLanguage":"af-ZA"},{"@type":"Organization","@id":"https:\/\/www.bcfintl.com\/af-za\/#organization","name":"BCF International (Edms) Bpk","alternateName":"BCF International","url":"https:\/\/www.bcfintl.com\/af-za\/","logo":{"@type":"ImageObject","inLanguage":"af-ZA","@id":"https:\/\/www.bcfintl.com\/af-za\/#\/schema\/logo\/image\/","url":"https:\/\/www.bcfintl.com\/wp-content\/uploads\/2025\/10\/BCF-International.svg","contentUrl":"https:\/\/www.bcfintl.com\/wp-content\/uploads\/2025\/10\/BCF-International.svg","caption":"BCF International (Edms) Bpk"},"image":{"@id":"https:\/\/www.bcfintl.com\/af-za\/#\/schema\/logo\/image\/"},"sameAs":["https:\/\/www.linkedin.com\/company\/bcf-pty-ltd"]}]}},"_links":{"self":[{"href":"https:\/\/www.bcfintl.com\/af-za\/wp-json\/wp\/v2\/pages\/708","targetHints":{"allow":["GET"]}}],"collection":[{"href":"https:\/\/www.bcfintl.com\/af-za\/wp-json\/wp\/v2\/pages"}],"about":[{"href":"https:\/\/www.bcfintl.com\/af-za\/wp-json\/wp\/v2\/types\/page"}],"author":[{"embeddable":true,"href":"https:\/\/www.bcfintl.com\/af-za\/wp-json\/wp\/v2\/users\/1"}],"replies":[{"embeddable":true,"href":"https:\/\/www.bcfintl.com\/af-za\/wp-json\/wp\/v2\/comments?post=708"}],"version-history":[{"count":1,"href":"https:\/\/www.bcfintl.com\/af-za\/wp-json\/wp\/v2\/pages\/708\/revisions"}],"predecessor-version":[{"id":2937,"href":"https:\/\/www.bcfintl.com\/af-za\/wp-json\/wp\/v2\/pages\/708\/revisions\/2937"}],"wp:featuredmedia":[{"embeddable":true,"href":"https:\/\/www.bcfintl.com\/af-za\/wp-json\/wp\/v2\/media\/673"}],"wp:attachment":[{"href":"https:\/\/www.bcfintl.com\/af-za\/wp-json\/wp\/v2\/media?parent=708"}],"curies":[{"name":"wp","href":"https:\/\/api.w.org\/{rel}","templated":true}]}}